{"id":1842,"date":"2016-11-08T14:11:05","date_gmt":"2016-11-08T14:11:05","guid":{"rendered":"http:\/\/murren.ru\/templates\/WP\/go-arch\/go-arch-dark\/?page_id=1842"},"modified":"2024-07-31T11:41:42","modified_gmt":"2024-07-31T07:41:42","slug":"about-us","status":"publish","type":"page","link":"https:\/\/anqard.com\/az\/about-us\/","title":{"rendered":"Haqq\u0131m\u0131zda"},"content":{"rendered":"<p>[vc_row][vc_column]\n\n    <!-- Contacts -->\n\n\n    <main             class=\" vc_custom_1522148245810 main main-inner bg-about \"\n            data-stellar-background-ratio=\"0.6\">\n        <div class=\"container\">\n            <header class=\"main-header\">\n                <h1>ANQARD HAQQINDA<\/h1>\n\t\t\t\t                    <div class=\"project-title-info\">\n\t\t\t\t\t\t\n\n\t\t\t\t\t\t                    <\/div>\n\t\t\t\t            <\/header>\n        <\/div>\n\n        <!-- Lines -->\n\n        <div class=\"page-lines\">\n            <div class=\"container\">\n                <div class=\"col-line col-xs-4\">\n                    <div class=\"line\"><\/div>\n                <\/div>\n                <div class=\"col-line col-xs-4\">\n                    <div class=\"line\"><\/div>\n                <\/div>\n                <div class=\"col-line col-xs-4\">\n                    <div class=\"line\"><\/div>\n                    <div class=\"line\"><\/div>\n                <\/div>\n            <\/div>\n        <\/div>\n    <\/main>\n\t\n    <!-- About  -->\n\n    <section             class=\"about  \">\n        <div class=\"container\">\n            <div class=\"entry\">\n                <h3 class=\"entry-title\">Biz ideyalar\u0131m\u0131z\u0131 s\u0259n\u0259t \u0259s\u0259rin\u0259 \u00e7evirm\u0259yi<span\n                            class=\"text-primary\">bacar\u0131r\u0131q.<\/span><\/h3>\n                <div class=\"entry-text\">\n\t\t\t\t\t\u201cANQARD\u201d \u015firk\u0259ti \u00f6z f\u0259aliyy\u0259tin\u0259 2010-cu ild\u0259n ba\u015flay\u0131b. M\u00fc\u0259ssis\u0259mizin yarad\u0131lmas\u0131nda m\u0259qs\u0259d s\u0259rf\u0259li qiym\u0259ti v\u0259 y\u00fcks\u0259k keyfiyy\u0259ti il\u0259 se\u00e7il\u0259n tikinti materiallar\u0131 istehsal etm\u0259kd\u0259n ibar\u0259tdir . Zavodun \u0259razisi 8000 m2 sah\u0259ni \u0259hat\u0259 edir.<\/p>\n<p>M\u0259hsullar\u0131m\u0131z yanmaz, insan sa\u011flaml\u0131\u011f\u0131na z\u0259r\u0259ri olmayan, antibakterial, isti-soyuq v\u0259 s\u0259s izolyasiyal\u0131, y\u00fcng\u00fcl (y\u0259ni tikilinin konstruksiyas\u0131na \u0259lav\u0259 y\u00fckl\u00fcl\u00fck yaratm\u0131r), seysmik c\u0259h\u0259td\u0259n elastikdir, tikiliy\u0259 \u0259lav\u0259 dekorativ g\u00f6z\u0259llik verir . M\u0259hsulun \u00fcz\u0259ri qranit tozu il\u0259 m\u00f6hk\u0259ml\u0259ndirilmi\u015f, i\u00e7\u0259risi izolyasion xarakterli y\u00fcks\u0259k s\u0131xl\u0131ql\u0131 EPS material\u0131ndan ibar\u0259td\u0131r . EPS \u2013 (Expanded Polystryen Foam) A\u011f r\u0259ngli s\u0259rt k\u00f6p\u00fck hal\u0131nda Geni\u015fl\u0259ndirilmi\u015f Polistren materiald\u0131r.<\/p>\n<p>\u201cANQARD\u201d \u015firk\u0259ti istehsal etdiyi mallar\u0131n keyfiyy\u0259ti v\u0259 s\u0259rf\u0259li qiym\u0259ti il\u0259 bu sah\u0259d\u0259 liderdir . H\u0259m\u00e7inin \u00f6z m\u00fc\u015ft\u0259ril\u0259rin\u0259 dizayn, tikinti v\u0259 qura\u015fd\u0131rma il\u0259 ba\u011fl\u0131 b\u00fct\u00fcn n\u00f6v xidm\u0259tl\u0259ri g\u00f6st\u0259rir.<\/p>\n<p>D\u00fc\u015f\u00fcn\u00fcr\u00fck ki, yaratd\u0131\u011f\u0131m\u0131z t\u0259r\u0259fda\u015f m\u00fcnasib\u0259tl\u0259ri, sizl\u0259r \u00fc\u00e7\u00fcn i\u015fl\u0259diyimiz h\u0259r bir layih\u0259nin bizim \u00fc\u00e7\u00fcn d\u0259y\u0259rliliyini g\u00f6st\u0259rir. Layih\u0259l\u0259rin \u0259rs\u0259y\u0259 g\u0259lm\u0259yind\u0259, keyfiyy\u0259timiz, t\u0259cr\u00fcb\u0259miz, s\u0259ri\u015ft\u0259miz v\u0259 i\u015fg\u00fczarl\u0131\u011f\u0131m\u0131z kimi \u00fcst\u00fcnl\u00fck verdiyimiz d\u0259y\u0259rl\u0259rd\u0259n formala\u015fan bir x\u00fcsusiyy\u0259tl\u0259rimiz h\u0259m\u00e7inin d\u0259 sizin layih\u0259l\u0259rin h\u0259m arxitektura g\u00f6z\u0259lliyini, h\u0259m iqtisadi s\u0259m\u0259r\u0259liliyinin, h\u0259m d\u0259 maddi d\u0259y\u0259rini art\u0131r\u0131r.                <\/div>\n            <\/div>\n        <\/div>\n    <\/section>\n\n\t\n\n    <!-- Services -->\n\n    <section             class=\"services section \">\n        <div class=\"container\">\n            <header class=\"section-header\">\n                <h2 class=\"section-title\"><span\n                            class=\"text-primary\">Bizim<\/span> xidm\u0259tl\u0259rimiz                <\/h2>\n            <\/header>\n            <div class=\"section-content\">\n                <div class=\"row-services row-base row\">\n\t\t\t\t\t\n                            <div class=\"col-base col-service col-sm-6 col-md-4 wow fadeInUp\"\n                                 data-wow-delay=\"\">\n                                <div class=\"service-item\">\n\t\t\t\t\t\t\t\t\t                                        <img decoding=\"async\" alt=\"\" src=\"https:\/\/anqard.com\/wp-content\/uploads\/2011\/05\/icon-interiors.png\">\n\t\t\t\t\t\t\t\t\t\n                                    <h4>LAY\u0130H\u018fL\u018f\u015eD\u0130RM\u018f<\/h4>\n                                    <p>Bildiyiniz kimi, h\u0259r bir tikintinin ba\u015flan\u011f\u0131c\u0131, y\u0259ni g\u0259l\u0259c\u0259k g\u00f6r\u00fcn\u00fc\u015f\u00fc, rahatl\u0131g\u0131, funksionall\u0131\u011f\u0131 v\u0259 s. kimi g\u00f6st\u0259ricil\u0259ri m\u0259hz layih\u0259l\u0259\u015fdirm\u0259 m\u0259rh\u0259l\u0259sind\u0259 n\u0259z\u0259r\u0259 al\u0131nmal\u0131d\u0131r. Bu m\u0259rh\u0259l\u0259d\u0259 n\u0259z\u0259rd\u0259n qacan ist\u0259kl\u0259ri b\u0259z\u0259n d\u00fcz\u0259ltm\u0259k qeyri-m\u00fcmk\u00fcn olur, m\u00fcmk\u00fcn oldu\u011fu t\u0259qdird\u0259 is\u0259 cox baha ba\u015fa g\u0259lir. Bu da Layih\u0259l\u0259\u015fdirm\u0259 m\u0259rh\u0259l\u0259sinin \u00f6n\u0259mliliyini g\u00f6st\u0259rir. \u00dcm\u00fcd edirik ki, sizl\u0259rl\u0259 \u0259m\u0259kda\u015fl\u0131\u011f\u0131m\u0131z m\u0259hz bu m\u0259rh\u0259l\u0259d\u0259n ba\u015flayacaq. Bu m\u0259rh\u0259l\u0259d\u0259n \u0259m\u0259kda\u015fl\u0131\u011f\u0131m\u0131z g\u0259l\u0259c\u0259kd\u0259 sizl\u0259ri \u0259lav\u0259 m\u0259sr\u0259fl\u0259rd\u0259n bizl\u0259ri is\u0259 vaxt itkil\u0259rind\u0259n qoruyacaq.<\/p>\n                                <\/div>\n                            <\/div>\n\t\t\t\t\t\t\t\n                            <div class=\"col-base col-service col-sm-6 col-md-4 wow fadeInUp\"\n                                 data-wow-delay=\"0.3s\">\n                                <div class=\"service-item\">\n\t\t\t\t\t\t\t\t\t                                        <img decoding=\"async\" alt=\"\" src=\"https:\/\/anqard.com\/wp-content\/uploads\/2011\/05\/icon-architecture.png\">\n\t\t\t\t\t\t\t\t\t\n                                    <h4>D\u0130ZAYN<\/h4>\n                                    <p>\u015eirk\u0259timiz t\u0259l\u0259b v\u0259 ist\u0259kl\u0259riniz\u0259 uy\u011fun, ilkin g\u00f6r\u00fcn\u00fc\u015f\u00fc t\u0259min ed\u0259c\u0259k dizaynlar\u0131 vizual formatda seciminiz\u0259 ver\u0259 bil\u0259c\u0259k professional memar v\u0259 dizayner qrupuna malikdir. Bizim m\u00fc\u015ft\u0259ri m\u0259mnuniyy\u0259ti il\u0259 sonlanan \u00f6z\u00fcn\u0259m\u0259xsus \u00fcslubumuz, ideyalar\u0131m\u0131z v\u0259 bu i\u015fd\u0259 ill\u0259rdi formala\u015fm\u0131\u015f s\u0259ri\u015ft\u0259miz vard\u0131r. \u0130nteryer, fasad, i\u015f\u0131qlanma v\u0259 land\u015faft dizaynlar\u0131 \u00fc\u00e7\u00fcn biz\u0259 m\u00fcraci\u0259tinizd\u0259 yan\u0131lmazs\u0131n\u0131z. VR Texnologiyalar\u0131n\u0131n son nailiyy\u0259tl\u0259rinin i\u015fimizd\u0259 t\u0259tbiqind\u0259n sonra sizl\u0259r dizayn olunmu\u015f tikilil\u0259r\u0259 virtual olaraq g\u0259zintid\u0259 d\u0259 i\u015ftirak ed\u0259 bil\u0259rsiniz.<\/p>\n                                <\/div>\n                            <\/div>\n\t\t\t\t\t\t\t\n                            <div class=\"col-base col-service col-sm-6 col-md-4 wow fadeInUp\"\n                                 data-wow-delay=\"0.6s\">\n                                <div class=\"service-item\">\n\t\t\t\t\t\t\t\t\t                                        <img decoding=\"async\" alt=\"\" src=\"https:\/\/anqard.com\/wp-content\/uploads\/2011\/05\/icon-planing.png\">\n\t\t\t\t\t\t\t\t\t\n                                    <h4>T\u0130K\u0130NT\u0130<\/h4>\n                                    <p>Bu m\u0259rh\u0259l\u0259, b\u00fct\u00fcn arzu v\u0259 ist\u0259kl\u0259rin, d\u00fc\u015f\u00fcnc\u0259l\u0259rin, s\u00f6zl\u0259rin v\u0259 dizayn fotolar\u0131n\u0131n realla\u015fd\u0131\u011f\u0131 bir m\u0259rh\u0259l\u0259di. Bu m\u0259rh\u0259l\u0259d\u0259, sertifikatla\u015fd\u0131r\u0131lm\u0131\u015f i\u015f\u00e7i qrupumuz v\u0259 idar\u0259edicil\u0259r t\u0259r\u0259find\u0259n g\u00f6r\u00fcl\u0259n h\u0259r bir i\u015fimiz t\u0259hl\u00fck\u0259sizlik v\u0259 keyfiyy\u0259t n\u0259zar\u0259tind\u0259 apar\u0131l\u0131r. Tikintid\u0259 istifad\u0259 ed\u0259c\u0259yimiz h\u0259r bir mal v\u0259 material\u0131n sertifikat\u0131 v\u0259 daxili laboratoriyam\u0131z\u0131n r\u0259yi olmadan istifad\u0259y\u0259 burax\u0131l\u0131\u015f\u0131 olmur. T\u0259r\u0259fda\u015fl\u0131q etdiyimiz \u015firk\u0259tl\u0259r, i\u015ftirak etdiyimiz layih\u0259l\u0259rin sifari\u015f\u00e7il\u0259ri v\u0259 m\u00fc\u015ft\u0259ril\u0259rimiz apard\u0131\u011f\u0131m\u0131z tikinti i\u015fl\u0259rinin m\u0259mnuniyy\u0259tini t\u0259sdiq ed\u0259r\u0259k, bizl\u0259rl\u0259 uzunm\u00fcdd\u0259tli \u0259m\u0259kda\u015fl\u0131q m\u00fcnasib\u0259tind\u0259dirl\u0259r. <\/p>\n                                <\/div>\n                            <\/div>\n\t\t\t\t\t\t\t\n                <\/div>\n            <\/div>\n        <\/div>\n    <\/section>\n\n\t\n\n    <!-- Contacts -->\n\n    <section             class=\"contacts section \">\n        <div class=\"container\">\n            <header class=\"section-header\">\n                <h2 class=\"section-title\">Biziml\u0259 <span class=\"text-primary\">\u0259laq\u0259<\/span><\/h2>\n                <strong class=\"fade-title-right\">\u0259laq\u0259<\/strong>\n            <\/header>\n            <div class=\"section-content\">\n                <div class=\"row-base row\">\n                    <div class=\"col-address col-base col-md-4\">\n\t\t\t\t\t\t+994 12 514-33-81<br>+994 50 213-13-73<br>info@anqard.com<br>Ziya Bunyadov Pro. 69, Bak\u0131, Az\u0259rbaycan                    <\/div>\n                    <div class=\"col-base  col-md-8\">\n                        <form class=\"js-ajax-form\">\n                            <div class=\"row-field row\">\n                                <div class=\"col-field col-sm-6 col-md-4\">\n                                    <div class=\"form-group\">\n\n\n                                        <input type=\"text\" class=\"form-control\" name=\"name\"\n                                               placeholder=\"Ad *\">\n                                    <\/div>\n                                    <div class=\"form-group\">\n                                        <input type=\"email\" class=\"form-control\" name=\"email\" required\n                                               placeholder=\"Email address *\">\n                                    <\/div>\n\n                                <\/div>\n                                <div class=\"col-field col-sm-6 col-md-4\">\n                                    <div class=\"form-group\">\n                                        <input type=\"tel\" class=\"form-control\" name=\"phone\"\n                                               placeholder=\"Telefon\">\n                                    <\/div>\n                                    <div class=\"form-group\">\n                                        <input  type=\"text\" class=\"form-control\" name=\"company\"\n                                               placeholder=\" \u015eirk\u0259t\">\n                                    <\/div>\n                                <\/div>\n                                <div class=\"col-field col-sm-12 col-md-4\">\n                                    <div class=\"form-group\">\n                                        <textarea name=\"message\" placeholder=\" Mesaj\"><\/textarea>\n                                    <\/div>\n                                <\/div>\n\n\n                                <div class=\"col-message col-field col-sm-12\">\n                                    <div class=\"form-group\">\n                                        <div class=\"success-message\"><i\n\t\t\t\t\t\t\t\t\t\t\t\t\n\n                                                    class=\"fa fa-check text-primary\"><\/i> Cox sagolun!. Sizin mesaj\u0131n\u0131z m\u00fcv\u0259ff\u0259qiyy\u0259tl\u0259 g\u00f6nd\u0259rildi...<\/div>\n                                        <div class=\"error-message\">Ba\u011f\u0131\u015flay\u0131n, x\u0259ta ba\u015f verdi<\/div>\n                                    <\/div>\n                                <\/div>\n                            <\/div>\n                            <div class=\"form-submit text-right\">\n                                <button type=\"submit\"\n                                        class=\"btn btn-shadow-2 wow swing\">G\u00f6nd\u0259r <i class=\"icon-next\"><\/i><\/button>\n                            <\/div>\n                        <\/form>\n                    <\/div>\n                <\/div>\n            <\/div>\n        <\/div>\n    <\/section>\n\n\t[\/vc_column][\/vc_row]<\/p>\n","protected":false},"excerpt":{"rendered":"<p>[\/vc_row]<\/p>\n","protected":false},"author":1,"featured_media":0,"parent":0,"menu_order":0,"comment_status":"closed","ping_status":"closed","template":"template-fullwidth.php","meta":{"footnotes":""},"class_list":["post-1842","page","type-page","status-publish","hentry"],"_links":{"self":[{"href":"https:\/\/anqard.com\/az\/wp-json\/wp\/v2\/pages\/1842"}],"collection":[{"href":"https:\/\/anqard.com\/az\/wp-json\/wp\/v2\/pages"}],"about":[{"href":"https:\/\/anqard.com\/az\/wp-json\/wp\/v2\/types\/page"}],"author":[{"embeddable":true,"href":"https:\/\/anqard.com\/az\/wp-json\/wp\/v2\/users\/1"}],"replies":[{"embeddable":true,"href":"https:\/\/anqard.com\/az\/wp-json\/wp\/v2\/comments?post=1842"}],"version-history":[{"count":29,"href":"https:\/\/anqard.com\/az\/wp-json\/wp\/v2\/pages\/1842\/revisions"}],"predecessor-version":[{"id":2709,"href":"https:\/\/anqard.com\/az\/wp-json\/wp\/v2\/pages\/1842\/revisions\/2709"}],"wp:attachment":[{"href":"https:\/\/anqard.com\/az\/wp-json\/wp\/v2\/media?parent=1842"}],"curies":[{"name":"wp","href":"https:\/\/api.w.org\/{rel}","templated":true}]}}