{"id":1883,"date":"2016-11-10T10:11:41","date_gmt":"2016-11-10T10:11:41","guid":{"rendered":"http:\/\/murren.ru\/templates\/WP\/go-arch\/go-arch-dark\/?page_id=1883"},"modified":"2019-07-08T17:13:38","modified_gmt":"2019-07-08T13:13:38","slug":"project-details","status":"publish","type":"page","link":"https:\/\/anqard.com\/az\/project-details\/","title":{"rendered":"Lay\u0131h\u0259l\u0259r"},"content":{"rendered":"<p>[vc_row][vc_column]\n\n    <!-- Contacts -->\n\n\n    <main             class=\" vc_custom_1522750698272 main main-inner main-project \"\n            data-stellar-background-ratio=\"0.6\">\n        <div class=\"container\">\n            <header class=\"main-header\">\n                <h1>\u0130\u015eL\u018fD\u0130Y\u0130M\u0130Z LAY\u0130H\u018fL\u018fR<\/h1>\n\t\t\t\t            <\/header>\n        <\/div>\n\n        <!-- Lines -->\n\n        <div class=\"page-lines\">\n            <div class=\"container\">\n                <div class=\"col-line col-xs-4\">\n                    <div class=\"line\"><\/div>\n                <\/div>\n                <div class=\"col-line col-xs-4\">\n                    <div class=\"line\"><\/div>\n                <\/div>\n                <div class=\"col-line col-xs-4\">\n                    <div class=\"line\"><\/div>\n                    <div class=\"line\"><\/div>\n                <\/div>\n            <\/div>\n        <\/div>\n    <\/main>\n\t[vc_text_separator title=&#8221;YA\u015eAYI\u015e B\u0130NALARI&#8221; i_icon_fontawesome=&#8221;fa fa-building-o&#8221; i_background_style=&#8221;rounded&#8221; color=&#8221;white&#8221; style=&#8221;shadow&#8221; border_width=&#8221;5&#8243; add_icon=&#8221;true&#8221;][vc_media_grid style=&#8221;lazy&#8221; items_per_page=&#8221;1&#8243; element_width=&#8221;2&#8243; item=&#8221;mediaGrid_FadeInWithIcon&#8221; initial_loading_animation=&#8221;zoomIn&#8221; grid_id=&#8221;vc_gid:1562339536377-901e592b20ca66bf3cba226e8714b253-4&#8243; include=&#8221;2399,2621,2401,2402,2403,2404,2405,2406,2407,2408,2409,2410,2411,2412,2413,2414,2620,2616,2618,2619&#8243;][vc_text_separator title=&#8221;\u015e\u018fXS\u0130 EVL\u018fR&#8221; i_icon_fontawesome=&#8221;fa fa-home&#8221; i_background_style=&#8221;rounded&#8221; color=&#8221;white&#8221; style=&#8221;shadow&#8221; border_width=&#8221;5&#8243; add_icon=&#8221;true&#8221;][vc_media_grid style=&#8221;lazy&#8221; items_per_page=&#8221;1&#8243; element_width=&#8221;2&#8243; item=&#8221;mediaGrid_FadeInWithIcon&#8221; initial_loading_animation=&#8221;zoomIn&#8221; grid_id=&#8221;vc_gid:1562339536417-d408f2c209289c5339048c9693399559-9&#8243; include=&#8221;2384,2385,2386,2387,2388,2389,2390,2391,2392,2393,2394,2395,2396,2397,2398,2626,2625&#8243;][vc_text_separator title=&#8221;\u0130NZ\u0130BAT\u0130 B\u0130NALAR&#8221; i_icon_fontawesome=&#8221;fa fa-hospital-o&#8221; i_background_style=&#8221;rounded&#8221; color=&#8221;white&#8221; style=&#8221;shadow&#8221; border_width=&#8221;5&#8243; add_icon=&#8221;true&#8221;][vc_media_grid style=&#8221;lazy&#8221; items_per_page=&#8221;1&#8243; element_width=&#8221;2&#8243; item=&#8221;mediaGrid_FadeInWithIcon&#8221; initial_loading_animation=&#8221;zoomIn&#8221; grid_id=&#8221;vc_gid:1562339536438-6bc77a16a2120c9f6222b3230d107d36-2&#8243; include=&#8221;2375,2376,2377,2378,2379,2380,2381,2382,2383,2624,2623,2622&#8243;][\/vc_column][\/vc_row]<\/p>\n","protected":false},"excerpt":{"rendered":"<p>[\/vc_row]<\/p>\n","protected":false},"author":1,"featured_media":0,"parent":0,"menu_order":0,"comment_status":"closed","ping_status":"closed","template":"template-fullwidth.php","meta":{"footnotes":""},"class_list":["post-1883","page","type-page","status-publish","hentry"],"_links":{"self":[{"href":"https:\/\/anqard.com\/az\/wp-json\/wp\/v2\/pages\/1883"}],"collection":[{"href":"https:\/\/anqard.com\/az\/wp-json\/wp\/v2\/pages"}],"about":[{"href":"https:\/\/anqard.com\/az\/wp-json\/wp\/v2\/types\/page"}],"author":[{"embeddable":true,"href":"https:\/\/anqard.com\/az\/wp-json\/wp\/v2\/users\/1"}],"replies":[{"embeddable":true,"href":"https:\/\/anqard.com\/az\/wp-json\/wp\/v2\/comments?post=1883"}],"version-history":[{"count":24,"href":"https:\/\/anqard.com\/az\/wp-json\/wp\/v2\/pages\/1883\/revisions"}],"predecessor-version":[{"id":2646,"href":"https:\/\/anqard.com\/az\/wp-json\/wp\/v2\/pages\/1883\/revisions\/2646"}],"wp:attachment":[{"href":"https:\/\/anqard.com\/az\/wp-json\/wp\/v2\/media?parent=1883"}],"curies":[{"name":"wp","href":"https:\/\/api.w.org\/{rel}","templated":true}]}}