{"id":2113,"date":"2018-03-22T10:22:53","date_gmt":"2018-03-22T10:22:53","guid":{"rendered":"http:\/\/localhost\/mysite\/ru\/?page_id=2113"},"modified":"2020-06-08T20:49:57","modified_gmt":"2020-06-08T16:49:57","slug":"catalogue","status":"publish","type":"page","link":"https:\/\/anqard.com\/az\/catalogue\/","title":{"rendered":"Kataloq"},"content":{"rendered":"<p>[vc_row][vc_column]\n\n    <!-- Contacts -->\n\n\n    <main             class=\" main main-inner main-projects bg-projects \"\n            data-stellar-background-ratio=\"0.6\">\n        <div class=\"container\">\n            <header class=\"main-header\">\n                <h1>M\u0259hsul Kataloqu<\/h1>\n\t\t\t\t                    <div class=\"project-title-info\">\n\t\t\t\t\t\t\n\n\t\t\t\t\t\t                    <\/div>\n\t\t\t\t            <\/header>\n        <\/div>\n\n        <!-- Lines -->\n\n        <div class=\"page-lines\">\n            <div class=\"container\">\n                <div class=\"col-line col-xs-4\">\n                    <div class=\"line\"><\/div>\n                <\/div>\n                <div class=\"col-line col-xs-4\">\n                    <div class=\"line\"><\/div>\n                <\/div>\n                <div class=\"col-line col-xs-4\">\n                    <div class=\"line\"><\/div>\n                    <div class=\"line\"><\/div>\n                <\/div>\n            <\/div>\n        <\/div>\n    <\/main>\n\t\n\n    <!-- Projects -->\n\n    <section             class=\"projects section \">\n        <div class=\"container\">\n            <h2 class=\"section-title\">\u0130stehsal etdiyimiz <span\n                        class=\"text-primary\">tikinti materiallar\u0131<\/span><\/h2>\n        <\/div>\n        <div class=\"section-content\">\n            <div class=\"projects-carousel js-projects-carousel js-projects-gallery\">\n\n\t\t\t\t\n            <\/div>\n        <\/div>\n    <\/section>\n\n\t[vc_tta_tour style=&#8221;flat&#8221; color=&#8221;black&#8221; active_section=&#8221;30&#8243;][vc_tta_section title=&#8221;KARTONP\u0130YER&#8221; tab_id=&#8221;1522071449650-90401294-c1ea&#8221;][vc_text_separator title=&#8221;XPS KARTONP\u0130YER&#8221; color=&#8221;white&#8221; style=&#8221;dotted&#8221;][vc_gallery type=&#8221;image_grid&#8221; images=&#8221;2240,2241,2242,2243,2244,2245&#8243; img_size=&#8221;medium&#8221;][vc_text_separator title=&#8221;B\u018fZ\u018fKL\u0130 KARTONP\u0130YER&#8221; color=&#8221;white&#8221; style=&#8221;dotted&#8221;][vc_gallery type=&#8221;image_grid&#8221; images=&#8221;2212,2213,2214,2215,2216,2217,2218,2219&#8243; img_size=&#8221;medium&#8221;][\/vc_tta_section][vc_tta_section title=&#8221;TAVAN&#8221; tab_id=&#8221;1522071449679-2cc12304-9288&#8243;][vc_text_separator title=&#8221;TAVAN \u00d6RT\u00dcY\u00dc&#8221; color=&#8221;white&#8221; style=&#8221;dotted&#8221;][vc_gallery type=&#8221;image_grid&#8221; images=&#8221;2341,2342,2343,2344,2345,2346,2347,2348&#8243; img_size=&#8221;medium&#8221;][vc_text_separator title=&#8221;TAVAN G\u00d6B\u018fK&#8221; color=&#8221;white&#8221; style=&#8221;dotted&#8221;][vc_gallery type=&#8221;image_grid&#8221; images=&#8221;2333,2334,2335,2336,2337,2338,2339,2340&#8243; img_size=&#8221;medium&#8221;][\/vc_tta_section][vc_tta_section title=&#8221;P\u018fNC\u018fR\u018f&#8221; tab_id=&#8221;1522136795534-c038cdc0-6beb&#8221;][vc_text_separator title=&#8221;N\u00dcMUN\u018f D\u0130ZAYN&#8221; color=&#8221;white&#8221; style=&#8221;dotted&#8221;][vc_gallery type=&#8221;image_grid&#8221; images=&#8221;2455,2456,2457,2458,2459,2460,2461,2462,2463,2464,2465,2466&#8243; img_size=&#8221;medium&#8221;][vc_text_separator title=&#8221;P\u018fNC\u018fR\u018f B\u018fZ\u018fK&#8221; color=&#8221;white&#8221; style=&#8221;dotted&#8221;][vc_gallery type=&#8221;image_grid&#8221; images=&#8221;2273,2274,2275,2276,2277,2278,2279,2280,2281,2282,2283,2284&#8243; img_size=&#8221;medium&#8221;][vc_text_separator title=&#8221;K\u0130L\u0130D DA\u015eI&#8221; color=&#8221;white&#8221; style=&#8221;dotted&#8221;][vc_gallery type=&#8221;image_grid&#8221; images=&#8221;2246,2247,2472,2248,2249,2250,2251,2252&#8243; img_size=&#8221;medium&#8221;][vc_text_separator title=&#8221;P\u018fNC\u018fR\u018fALTI&#8221; color=&#8221;white&#8221; style=&#8221;dotted&#8221;][vc_gallery type=&#8221;image_grid&#8221; images=&#8221;2265,2266,2267,2268,2269,2270,2271,2272&#8243; img_size=&#8221;medium&#8221;][vc_text_separator title=&#8221;P\u018fC\u018fR\u018f HA\u015e\u0130Y\u018fS\u0130&#8221; color=&#8221;white&#8221; style=&#8221;dotted&#8221;][vc_gallery type=&#8221;image_grid&#8221; images=&#8221;2220,2221,2222,2223,2224,2225,2226,2227&#8243; img_size=&#8221;medium&#8221;][\/vc_tta_section][vc_tta_section title=&#8221;S\u00dcTUN&#8221; tab_id=&#8221;1522136796533-3d9ef289-43f5&#8243;][vc_text_separator title=&#8221;S\u00dcTUN&#8221; color=&#8221;white&#8221; style=&#8221;dotted&#8221;][vc_gallery type=&#8221;image_grid&#8221; images=&#8221;2321,2322,2323,2324&#8243; img_size=&#8221;medium&#8221;][vc_text_separator title=&#8221;S\u00dcTUN BA\u015eLI\u011eI&#8221; color=&#8221;white&#8221; style=&#8221;dotted&#8221;][vc_gallery type=&#8221;image_grid&#8221; images=&#8221;2297,2298,2299,2300&#8243; img_size=&#8221;medium&#8221;][vc_text_separator title=&#8221;S\u00dcTUN ALTLI\u011eI&#8221; color=&#8221;white&#8221; style=&#8221;dotted&#8221;][vc_gallery type=&#8221;image_grid&#8221; images=&#8221;2293,2294,2295,2296&#8243; img_size=&#8221;medium&#8221;][\/vc_tta_section][vc_tta_section title=&#8221;TERMO PANEL&#8221; tab_id=&#8221;1522136797319-b5896a92-565d&#8221;][vc_text_separator title=&#8221;TERMO PANEL&#8221; color=&#8221;white&#8221; style=&#8221;dotted&#8221;][vc_gallery type=&#8221;image_grid&#8221; images=&#8221;2325,2326,2327,2328,2329,2330,2331,2332&#8243; img_size=&#8221;medium&#8221;][\/vc_tta_section][vc_tta_section title=&#8221;M\u018fRT\u018fB\u018f K\u018fM\u018fR\u0130&#8221; tab_id=&#8221;1522136797990-832bba5b-1251&#8243;][vc_text_separator title=&#8221;M\u018fRT\u018fB\u018f K\u018fM\u018fR\u0130&#8221; color=&#8221;white&#8221; style=&#8221;dotted&#8221;][vc_gallery type=&#8221;image_grid&#8221; images=&#8221;2257,2258,2259,2260,2261,2262,2263,2264&#8243; img_size=&#8221;medium&#8221;][\/vc_tta_section][vc_tta_section title=&#8221;B\u018fZ\u018fK&#8221; tab_id=&#8221;1522136798662-4f602251-7294&#8243;][vc_text_separator title=&#8221;B\u018fZ\u018fK&#8221; color=&#8221;white&#8221; style=&#8221;dotted&#8221;][vc_gallery type=&#8221;image_grid&#8221; images=&#8221;2204,2205,2206,2207,2208,2209,2210,2211&#8243; img_size=&#8221;medium&#8221;][\/vc_tta_section][vc_tta_section title=&#8221;K\u00dcNC PROF\u0130L\u0130&#8221; tab_id=&#8221;1522136799797-44116d2b-4b13&#8243;][vc_text_separator title=&#8221;K\u00dcNC PROF\u0130L\u0130&#8221; color=&#8221;white&#8221; style=&#8221;dotted&#8221;][vc_gallery type=&#8221;image_grid&#8221; images=&#8221;2253,2254,2255,2256&#8243; img_size=&#8221;medium&#8221;][\/vc_tta_section][vc_tta_section title=&#8221;DAYAQ&#8221; tab_id=&#8221;1522136800685-5666c67d-7466&#8243;][vc_text_separator title=&#8221;DAYAQ&#8221; color=&#8221;white&#8221; style=&#8221;dotted&#8221;][vc_gallery type=&#8221;image_grid&#8221; images=&#8221;2285,2286,2287,2288,2289,2290,2291,2292&#8243; img_size=&#8221;medium&#8221;][\/vc_tta_section][vc_tta_section title=&#8221;\u015e\u018fB\u018fK\u018f&#8221; tab_id=&#8221;1522136801417-4032266c-df61&#8243;][vc_text_separator title=&#8221;\u015e\u018fB\u018fK\u018f&#8221; color=&#8221;white&#8221; style=&#8221;dotted&#8221;][vc_gallery type=&#8221;image_grid&#8221; images=&#8221;2301,2302,2303,2304,2305,2306,2307,2308,2309,2310,2311,2312,2313,2314,2315,2316&#8243; img_size=&#8221;medium&#8221;][\/vc_tta_section][vc_tta_section title=&#8221;\u015e\u00d6V\u018f&#8221; tab_id=&#8221;1522138149245-e2140001-aa14&#8243;][vc_text_separator title=&#8221;\u015e\u00d6V\u018f&#8221; color=&#8221;white&#8221; style=&#8221;dotted&#8221;][vc_gallery type=&#8221;image_grid&#8221; images=&#8221;2317,2318,2319,2320&#8243; img_size=&#8221;medium&#8221;][\/vc_tta_section][vc_tta_section title=&#8221;HASAR&#8221; tab_id=&#8221;1522138151998-e8b340c8-424c&#8221;][vc_text_separator title=&#8221;N\u00dcMUN\u018f D\u0130ZAYN&#8221; color=&#8221;white&#8221; style=&#8221;dotted&#8221;][vc_gallery type=&#8221;image_grid&#8221; images=&#8221;2232,2233,2234,2235,2236,2237,2238,2239&#8243; img_size=&#8221;medium&#8221;][vc_text_separator title=&#8221;HASAR B\u018fZ\u018fK&#8221; color=&#8221;white&#8221; style=&#8221;dotted&#8221;][vc_gallery type=&#8221;image_grid&#8221; images=&#8221;2228,2229,2230,2231&#8243; img_size=&#8221;medium&#8221;][\/vc_tta_section][vc_tta_section title=&#8221;BAZA&#8221; tab_id=&#8221;1522138463108-d9c9ffc4-7e06&#8243;][vc_text_separator title=&#8221;BAZA&#8221; color=&#8221;white&#8221; style=&#8221;dotted&#8221;][vc_gallery type=&#8221;image_grid&#8221; images=&#8221;2194,2195,2196,2197,2198,2199,2200,2201,2202,2203&#8243; img_size=&#8221;medium&#8221;][\/vc_tta_section][\/vc_tta_tour][\/vc_column][\/vc_row]<\/p>\n","protected":false},"excerpt":{"rendered":"<p>[vc_tta_section title=&#8221;P\u018fNC\u018fR\u018f&#8221; tab_id=&#8221;1522136795534-c038cdc0-6beb&#8221;][vc_text_separator title=&#8221;N\u00dcMUN\u018f D\u0130ZAYN&#8221; color=&#8221;white&#8221; style=&#8221;dotted&#8221;][vc_gallery type=&#8221;image_grid&#8221; images=&#8221;2455,2456,2457,2458,2459,2460,2461,2462,2463,2464,2465,2466&#8243; img_size=&#8221;medium&#8221;][vc_text_separator title=&#8221;P\u018fNC\u018fR\u018f B\u018fZ\u018fK&#8221; color=&#8221;white&#8221; style=&#8221;dotted&#8221;][vc_gallery type=&#8221;image_grid&#8221; images=&#8221;2273,2274,2275,2276,2277,2278,2279,2280,2281,2282,2283,2284&#8243; img_size=&#8221;medium&#8221;][vc_text_separator title=&#8221;K\u0130L\u0130D DA\u015eI&#8221; color=&#8221;white&#8221; [&hellip;]<\/p>\n","protected":false},"author":1,"featured_media":0,"parent":0,"menu_order":0,"comment_status":"closed","ping_status":"closed","template":"template-fullwidth.php","meta":{"footnotes":""},"class_list":["post-2113","page","type-page","status-publish","hentry"],"_links":{"self":[{"href":"https:\/\/anqard.com\/az\/wp-json\/wp\/v2\/pages\/2113"}],"collection":[{"href":"https:\/\/anqard.com\/az\/wp-json\/wp\/v2\/pages"}],"about":[{"href":"https:\/\/anqard.com\/az\/wp-json\/wp\/v2\/types\/page"}],"author":[{"embeddable":true,"href":"https:\/\/anqard.com\/az\/wp-json\/wp\/v2\/users\/1"}],"replies":[{"embeddable":true,"href":"https:\/\/anqard.com\/az\/wp-json\/wp\/v2\/comments?post=2113"}],"version-history":[{"count":17,"href":"https:\/\/anqard.com\/az\/wp-json\/wp\/v2\/pages\/2113\/revisions"}],"predecessor-version":[{"id":2680,"href":"https:\/\/anqard.com\/az\/wp-json\/wp\/v2\/pages\/2113\/revisions\/2680"}],"wp:attachment":[{"href":"https:\/\/anqard.com\/az\/wp-json\/wp\/v2\/media?parent=2113"}],"curies":[{"name":"wp","href":"https:\/\/api.w.org\/{rel}","templated":true}]}}