{"id":1842,"date":"2016-11-08T14:11:05","date_gmt":"2016-11-08T14:11:05","guid":{"rendered":"http:\/\/murren.ru\/templates\/WP\/go-arch\/go-arch-dark\/?page_id=1842"},"modified":"2024-07-31T11:41:42","modified_gmt":"2024-07-31T07:41:42","slug":"about-us","status":"publish","type":"page","link":"https:\/\/anqard.com\/ru\/about-us\/","title":{"rendered":"\u041e \u043d\u0430\u0441"},"content":{"rendered":"<p>[vc_row][vc_column]\n\n    <!-- Contacts -->\n\n\n    <main             class=\" vc_custom_1530104343610 main main-inner bg-about \"\n            data-stellar-background-ratio=\"0.6\">\n        <div class=\"container\">\n            <header class=\"main-header\">\n                <h1>\u041f\u0420\u041e \u0410\u041d\u0413\u0410\u0420\u0414<\/h1>\n\t\t\t\t                    <div class=\"project-title-info\">\n\t\t\t\t\t\t\n\n\t\t\t\t\t\t                    <\/div>\n\t\t\t\t            <\/header>\n        <\/div>\n\n        <!-- Lines -->\n\n        <div class=\"page-lines\">\n            <div class=\"container\">\n                <div class=\"col-line col-xs-4\">\n                    <div class=\"line\"><\/div>\n                <\/div>\n                <div class=\"col-line col-xs-4\">\n                    <div class=\"line\"><\/div>\n                <\/div>\n                <div class=\"col-line col-xs-4\">\n                    <div class=\"line\"><\/div>\n                    <div class=\"line\"><\/div>\n                <\/div>\n            <\/div>\n        <\/div>\n    <\/main>\n\t\n    <!-- About  -->\n\n    <section             class=\"about  \">\n        <div class=\"container\">\n            <div class=\"entry\">\n                <h3 class=\"entry-title\">\u043c\u044b \u0443\u043c\u0435\u0435\u043c \u043f\u0440\u0435\u0432\u0440\u0430\u0449\u0430\u0442\u044c \u043d\u0430\u0448\u0438 \u0438\u0434\u0435\u0438 \u0432<span\n                            class=\"text-primary\">\u043f\u0440\u043e\u0438\u0437\u0432\u0435\u0434\u0435\u043d\u0438\u0435 \u0438\u0441\u043a\u0443\u0441\u0441\u0442\u0432\u0430.<\/span><\/h3>\n                <div class=\"entry-text\">\n\t\t\t\t\t\u041a\u043e\u043c\u043f\u0430\u043d\u0438\u044f \u00ab\u0410\u043d\u0433\u0430\u0440\u0434\u00bb \u043d\u0430\u0447\u0430\u043b\u0430 \u0441\u0432\u043e\u044e \u0434\u0435\u044f\u0442\u0435\u043b\u044c\u043d\u043e\u0441\u0442\u044c \u0432 2010 \u0433\u043e\u0434\u0443.<br \/>\n\u0426\u0435\u043b\u044c \u043d\u0430\u0448\u0435\u0433\u043e \u043f\u0440\u0435\u0434\u043f\u0440\u0438\u044f\u0442\u0438\u044f, \u043f\u0440\u043e\u0438\u0437\u0432\u043e\u0434\u0441\u0442\u0432\u043e \u0432\u044b\u0441\u043e\u043a\u043e\u043a\u0430\u0447\u0435\u0441\u0442\u0432\u0435\u043d\u043d\u043e\u0433\u043e \u0442\u043e\u0432\u0430\u0440\u0430 \u043f\u043e \u043f\u0440\u0438\u0435\u043c\u043b\u0435\u043c\u043e\u0439 \u0446\u0435\u043d\u0435.<br \/>\n\u0422\u0435\u0440\u0440\u0438\u0442\u043e\u0440\u0438\u044f \u0444\u0430\u0431\u0440\u0438\u043a\u0438 \u0441\u043e\u0441\u0442\u0430\u0432\u043b\u044f\u0435\u0442 8000 \u043c2.<\/p>\n<p>\u041d\u0430\u0448\u0438 \u043f\u0440\u043e\u0434\u0443\u043a\u0446\u0438\u0438 \u043d\u0435\u0432\u043e\u0441\u043f\u043b\u0430\u043c\u0435\u043d\u044f\u0435\u043c\u044b\u0435, \u0431\u0435\u0437\u043e\u043f\u0430\u0441\u043d\u044b \u0434\u043b\u044f \u0437\u0434\u043e\u0440\u043e\u0432\u044c\u044f \u0447\u0435\u043b\u043e\u0432\u0435\u043a\u0430, \u0430\u043d\u0442\u0438\u0431\u0430\u043a\u0442\u0435\u0440\u0438\u0430\u043b\u044c\u043d\u044b\u0435, \u0442\u0435\u0440\u043c\u043e \u0438 \u0437\u0432\u0443\u043a\u043e \u0438\u0437\u043e\u043b\u044f\u0446\u0438\u043e\u043d\u043d\u044b\u0435, \u043b\u0435\u0433\u043a\u0438\u0435 (\u043d\u0435 \u0437\u0430\u0433\u0440\u0443\u0436\u0430\u044e\u0449\u0430\u044f, \u0441\u0432\u043e\u0435\u0439 \u0442\u044f\u0436\u0435\u0441\u0442\u044c\u044e \u043a\u043e\u043d\u0441\u0442\u0440\u0443\u043a\u0446\u0438\u044e \u043f\u043e\u0441\u0442\u0440\u043e\u0435\u043d\u0438\u044f), \u0441\u0435\u0439\u0441\u043c\u0438\u0447\u0435\u0441\u043a\u0438\u043c \u0432\u043e\u0437\u0434\u0435\u0439\u0441\u0442\u0432\u0438\u044f\u043c \u044d\u043b\u0430\u0441\u0442\u0438\u0447\u043d\u044b \u0438 \u043f\u0440\u0438\u0434\u0430\u044e\u0442 \u0434\u0435\u043a\u043e\u0440\u0430\u0442\u0438\u0432\u043d\u0443\u044e \u043a\u0440\u0430\u0441\u043e\u0442\u0443 \u0437\u0434\u0430\u043d\u0438\u044e.<br \/>\n\u041f\u0440\u043e\u0434\u0443\u043a\u0442 \u0441\u043e\u0441\u0442\u043e\u0438\u0442 \u0438\u0437 \u043c\u0430\u0442\u0435\u0440\u0438\u0430\u043b\u0430 EPS \u0432\u044b\u0441\u043e\u043a\u043e\u0439 \u043f\u043b\u043e\u0442\u043d\u043e\u0441\u0442\u0438, \u0441 \u043b\u0438\u0446\u0435\u0432\u043e\u0439 \u0441\u0442\u043e\u0440\u043e\u043d\u044b \u043f\u043e\u043a\u0440\u044b\u0442\u0430 \u0433\u0440\u0430\u043d\u0438\u0442\u043d\u044b\u043c \u043e\u043f\u044b\u043b\u0435\u043d\u0438\u0435\u043c, \u0430 \u0432\u043d\u0443\u0442\u0440\u0435\u043d\u043d\u044f\u044f \u0447\u0430\u0441\u0442\u044c \u0438\u0437 \u0432\u044b\u0441\u043e\u043a\u043e\u043f\u0440\u043e\u0447\u043d\u043e\u0433\u043e EPS \u043c\u0430\u0442\u0435\u0440\u0438\u0430\u043b\u0430.<br \/>\nEPS - \u043f\u043b\u0430\u0441\u0442\u0438\u0447\u0435\u0441\u043a\u0438\u0439 \u043c\u0430\u0442\u0435\u0440\u0438\u0430\u043b \u0431\u0435\u043b\u043e\u0433\u043e \u0446\u0432\u0435\u0442\u0430, \u043a\u043e\u0442\u043e\u0440\u044b\u0439 \u0441\u043e\u0441\u0442\u043e\u0438\u0442 \u0438\u0437 \u0442\u0432\u0435\u0440\u0434\u043e\u0439 \u043f\u0435\u043d\u044b \u0440\u0430\u0441\u0448\u0438\u0440\u0435\u043d\u043d\u043e\u0433\u043e \u043f\u043e\u043b\u0438\u0441\u0442\u0438\u0440\u043e\u043b\u0430.<\/p>\n<p>\u041a\u043e\u043c\u043f\u0430\u043d\u0438\u044f \u00ab\u0410\u043d\u0433\u0430\u0440\u0434\u00bb \u044f\u0432\u043b\u044f\u0435\u0442\u0441\u044f \u043b\u0438\u0434\u0435\u0440\u043e\u043c \u0432 \u044d\u0442\u043e\u0439 \u043e\u0442\u0440\u0430\u0441\u043b\u0438, \u043f\u0440\u0438\u0432\u043b\u0435\u043a\u0430\u044f \u0432\u044b\u0441\u043e\u043a\u0438\u043c \u043a\u0430\u0447\u0435\u0441\u0442\u0432\u043e\u043c \u0438 \u043f\u0440\u0438\u0435\u043c\u043b\u0435\u043c\u043e\u0439 \u0446\u0435\u043d\u043e\u0439.<br \/>\n\u0410 \u0442\u0430\u043a\u0436\u0435 \u043d\u0430\u0448\u0430 \u043a\u043e\u043c\u043f\u0430\u043d\u0438\u044f \u043f\u0440\u0435\u0434\u043b\u0430\u0433\u0430\u0435\u0442 \u0441\u0432\u043e\u0438\u043c \u043a\u043b\u0438\u0435\u043d\u0442\u0430\u043c \u043f\u043e\u043b\u043d\u044b\u0439 \u0441\u043f\u0435\u043a\u0442\u0440 \u0443\u0441\u043b\u0443\u0433, \u043f\u043e \u0434\u0438\u0437\u0430\u0439\u043d\u0443 \u0438 \u043c\u043e\u043d\u0442\u0430\u0436\u0443, \u043f\u0440\u043e\u0438\u0437\u0432\u043e\u0434\u0438\u043c\u043e\u0439 \u043f\u0440\u043e\u0434\u0443\u043a\u0446\u0438\u0438.<\/p>\n<p>\u041c\u044b \u0441\u0447\u0438\u0442\u0430\u0435\u043c, \u0447\u0442\u043e \u0441\u043e\u0437\u0434\u0430\u043d\u043d\u044b\u0435 \u043d\u0430\u043c\u0438 \u043f\u0430\u0440\u0442\u043d\u0435\u0440\u0441\u043a\u0438\u0435 \u043e\u0442\u043d\u043e\u0448\u0435\u043d\u0438\u044f \u043f\u0440\u0435\u0434\u0441\u0442\u0430\u0432\u043b\u044f\u044e\u0442 \u0446\u0435\u043d\u043d\u043e\u0441\u0442\u044c \u043a\u0430\u0436\u0434\u043e\u0433\u043e \u043f\u0440\u043e\u0435\u043a\u0442\u0430, \u043d\u0430\u0434 \u043a\u043e\u0442\u043e\u0440\u044b\u043c \u043c\u044b \u0440\u0430\u0431\u043e\u0442\u0430\u0435\u043c \u0434\u043b\u044f \u0432\u0430\u0441.<br \/>\n\u041e\u0434\u043d\u0438 \u0438\u0437 \u043f\u0440\u0435\u0432\u043e\u0441\u0445\u043e\u0434\u0441\u0442\u0432, \u043a\u043e\u0442\u043e\u0440\u044b\u0435 \u043c\u044b \u0446\u0435\u043d\u0438\u043c, \u0442\u0430\u043a\u0438\u0445 \u043a\u0430\u043a \u0434\u0438\u0437\u0430\u0439\u043d \u043f\u0440\u043e\u0435\u043a\u0442\u0430, \u043a\u0430\u0447\u0435\u0441\u0442\u0432\u043e, \u043e\u043f\u044b\u0442, \u043a\u043e\u043c\u043f\u0435\u0442\u0435\u043d\u0446\u0438\u044f \u0438 \u0431\u0438\u0437\u043d\u0435\u0441, \u0442\u0430\u043a\u0436\u0435 \u043f\u043e\u0432\u044b\u0448\u0430\u0435\u0442 \u0430\u0440\u0445\u0438\u0442\u0435\u043a\u0442\u0443\u0440\u043d\u0443\u044e \u043a\u0440\u0430\u0441\u043e\u0442\u0443, \u044d\u043a\u043e\u043d\u043e\u043c\u0438\u0447\u0435\u0441\u043a\u0443\u044e \u044d\u0444\u0444\u0435\u043a\u0442\u0438\u0432\u043d\u043e\u0441\u0442\u044c \u0438 \u043c\u0430\u0442\u0435\u0440\u0438\u0430\u043b\u044c\u043d\u0443\u044e \u0446\u0435\u043d\u043d\u043e\u0441\u0442\u044c \u0432\u0430\u0448\u0438\u0445 \u043f\u0440\u043e\u0435\u043a\u0442\u043e\u0432.                <\/div>\n            <\/div>\n        <\/div>\n    <\/section>\n\n\t\n\n    <!-- Services -->\n\n    <section             class=\"services section \">\n        <div class=\"container\">\n            <header class=\"section-header\">\n                <h2 class=\"section-title\"><span\n                            class=\"text-primary\">\u041d\u0410\u0428\u0418<\/span> \u0423\u0421\u041b\u0423\u0413\u0418                <\/h2>\n            <\/header>\n            <div class=\"section-content\">\n                <div class=\"row-services row-base row\">\n\t\t\t\t\t\n                            <div class=\"col-base col-service col-sm-6 col-md-4 wow fadeInUp\"\n                                 data-wow-delay=\"\">\n                                <div class=\"service-item\">\n\t\t\t\t\t\t\t\t\t                                        <img decoding=\"async\" alt=\"\" src=\"https:\/\/anqard.com\/wp-content\/uploads\/2011\/05\/icon-interiors.png\">\n\t\t\t\t\t\t\t\t\t\n                                    <h4>\u041f\u0420\u041e\u0415\u041a\u0422\u0418\u0420\u041e\u0412\u0410\u041d\u0418\u0415<\/h4>\n                                    <p>\u041a\u0430\u043a \u0432\u044b \u0437\u043d\u0430\u0435\u0442\u0435, \u0432 \u043a\u0430\u0436\u0434\u043e\u043c \u0441\u0442\u0440\u043e\u0438\u0442\u0435\u043b\u044c\u0441\u0442\u0432\u0435, \u0442\u043e \u0435\u0441\u0442\u044c \u0431\u0443\u0434\u0443\u0449\u0438\u0439 \u0432\u043d\u0435\u0448\u043d\u0438\u0439 \u0432\u0438\u0434, \u0443\u0434\u043e\u0431\u0441\u0442\u0432\u043e, \u0444\u0443\u043d\u043a\u0446\u0438\u043e\u043d\u0430\u043b\u044c\u043d\u043e\u0441\u0442\u044c \u0438 \u0442. \u0434. \u0442\u0430\u043a\u0438\u0435 \u043f\u043e\u043a\u0430\u0437\u0430\u0442\u0435\u043b\u0438 \u0441\u043b\u0435\u0434\u0443\u0435\u0442 \u0443\u0447\u0438\u0442\u044b\u0432\u0430\u0442\u044c \u0442\u043e\u043b\u044c\u043a\u043e \u043d\u0430 \u044d\u0442\u0430\u043f\u0435 \u043f\u0440\u043e\u0435\u043a\u0442\u0438\u0440\u043e\u0432\u0430\u043d\u0438\u044f. \u0412\u043e\u0437\u043c\u043e\u0436\u043d\u043e \u043d\u0430 \u044d\u0442\u043e\u043c \u044d\u0442\u0430\u043f\u0435 \u043f\u0440\u043e\u043f\u0443\u0449\u0435\u043d\u043d\u044b\u0435 \u043d\u0435\u0434\u043e\u0447\u0435\u0442\u044b \u0438\u0441\u043f\u0440\u0430\u0432\u0438\u0442\u044c \u0432 \u0431\u0443\u0434\u0443\u0449\u0435\u043c \u0431\u0443\u0434\u0435\u0442 \u043d\u0435 \u0440\u0435\u0430\u043b\u044c\u043d\u043e \u0442\u0440\u0443\u0434\u043d\u043e \u0438\u043b\u0438 \u0432\u043e\u043e\u0431\u0449\u0435 \u043d\u0435\u0432\u043e\u0437\u043c\u043e\u0436\u043d\u043e. \u042d\u0442\u043e \u0434\u0435\u043c\u043e\u043d\u0441\u0442\u0440\u0438\u0440\u0443\u0435\u0442 \u0432\u0430\u0436\u043d\u043e\u0441\u0442\u044c \u044d\u0442\u0430\u043f\u0430 \u043f\u0440\u043e\u0435\u043a\u0442\u0438\u0440\u043e\u0432\u0430\u043d\u0438\u0435 \u0432 \u0441\u0442\u0440\u043e\u0438\u0442\u0435\u043b\u044c\u0441\u0442\u0432\u0435.\n\u041c\u044b \u043d\u0430\u0434\u0435\u0435\u043c\u0441\u044f, \u0447\u0442\u043e \u043d\u0430\u0448\u0435 \u0441\u043e\u0442\u0440\u0443\u0434\u043d\u0438\u0447\u0435\u0441\u0442\u0432\u043e \u0441 \u0432\u0430\u043c\u0438 \u043d\u0430\u0447\u043d\u0435\u0442\u0441\u044f \u0438\u043c\u0435\u043d\u043d\u043e \u0441 \u044d\u0442\u043e\u0433\u043e \u044d\u0442\u0430\u043f\u0430. \u041d\u0430 \u044d\u0442\u043e\u043c \u044d\u0442\u0430\u043f\u0435 \u043d\u0430\u0448\u0435 \u0441\u043e\u0442\u0440\u0443\u0434\u043d\u0438\u0447\u0435\u0441\u0442\u0432\u043e \u0437\u0430\u0449\u0438\u0442\u0438\u0442 \u0432\u0430\u0441 \u043e\u0442 \u0434\u043e\u043f\u043e\u043b\u043d\u0438\u0442\u0435\u043b\u044c\u043d\u044b\u0445 \u0437\u0430\u0442\u0440\u0430\u0442 \u0432 \u0431\u0443\u0434\u0443\u0449\u0435\u043c, \u0430 \u043d\u0430\u0441 \u043e\u0442 \u043f\u043e\u043f\u0440\u043e\u0441\u0442\u0443 \u043f\u043e\u0442\u0435\u0440\u044f\u043d\u043d\u043e\u0433\u043e \u0432\u0440\u0435\u043c\u0435\u043d\u0438.<\/p>\n                                <\/div>\n                            <\/div>\n\t\t\t\t\t\t\t\n                            <div class=\"col-base col-service col-sm-6 col-md-4 wow fadeInUp\"\n                                 data-wow-delay=\"0.3s\">\n                                <div class=\"service-item\">\n\t\t\t\t\t\t\t\t\t                                        <img decoding=\"async\" alt=\"\" src=\"https:\/\/anqard.com\/wp-content\/uploads\/2011\/05\/icon-architecture.png\">\n\t\t\t\t\t\t\t\t\t\n                                    <h4>\u0414\u0418\u0417\u0410\u0419\u041d<\/h4>\n                                    <p>\u041d\u0430\u0448\u0430 \u043a\u043e\u043c\u043f\u0430\u043d\u0438\u044f \u0438\u043c\u0435\u0435\u0442 \u043f\u0440\u043e\u0444\u0435\u0441\u0441\u0438\u043e\u043d\u0430\u043b\u044c\u043d\u0443\u044e \u043a\u043e\u043c\u0430\u043d\u0434\u0443 \u0430\u0440\u0445\u0438\u0442\u0435\u043a\u0442\u043e\u0440\u043e\u0432 \u0438 \u0434\u0438\u0437\u0430\u0439\u043d\u0435\u0440\u043e\u0432, \u043a\u043e\u0442\u043e\u0440\u0430\u044f \u043c\u043e\u0436\u0435\u0442 \u043f\u0440\u0435\u0434\u043e\u0441\u0442\u0430\u0432\u0438\u0442\u044c \u0432\u0430\u043c \u0432\u044b\u0431\u043e\u0440 \u0432\u0438\u0437\u0443\u0430\u043b\u0438\u0437\u0430\u0446\u0438\u0438 \u043f\u0440\u043e\u0435\u043a\u0442\u043e\u0432, \u043a\u043e\u0442\u043e\u0440\u044b\u0435 \u0431\u0443\u0434\u0443\u0442 \u0441\u043e\u043e\u0442\u0432\u0435\u0442\u0441\u0442\u0432\u043e\u0432\u0430\u0442\u044c \u0432\u0430\u0448\u0438\u043c \u043f\u043e\u0442\u0440\u0435\u0431\u043d\u043e\u0441\u0442\u044f\u043c \u0438 \u0436\u0435\u043b\u0430\u043d\u0438\u044f\u043c.\n\u0423 \u043d\u0430\u0441 \u0435\u0441\u0442\u044c \u0441\u0444\u043e\u0440\u043c\u0438\u0440\u043e\u0432\u0430\u043d\u043d\u044b\u0439 \u0433\u043e\u0434\u0430\u043c\u0438 \u043e\u043f\u044b\u0442 \u0438 \u0443\u043d\u0438\u043a\u0430\u043b\u044c\u043d\u044b\u0439 \u0441\u0442\u0438\u043b\u044c. \u0414\u043b\u044f \u0432\u0430\u0448\u0435\u0433\u043e \u0438\u043d\u0442\u0435\u0440\u044c\u0435\u0440\u0430, \u0444\u0430\u0441\u0430\u0434\u043d\u043e\u0433\u043e \u043e\u0441\u0432\u0435\u0449\u0435\u043d\u0438\u0435 \u0438 \u043b\u0430\u043d\u0434\u0448\u0430\u0444\u0442\u043d\u043e\u0433\u043e \u0434\u0438\u0437\u0430\u0439\u043d\u0430 \u0432\u044b \u043d\u0435 \u043e\u0448\u0438\u0431\u0435\u0442\u0435\u0441\u044c \u0434\u043e\u0432\u0435\u0440\u0438\u0432\u0448\u0438\u0441\u044c \u043d\u0430\u043c.\n\u0422\u0430\u043a\u0436\u0435 \u043d\u0430\u0448\u0438 \u043a\u043b\u0438\u0435\u043d\u0442\u044b \u0441\u043c\u043e\u0433\u0443\u0442 \u0443\u0447\u0430\u0441\u0442\u0432\u043e\u0432\u0430\u0442\u044c \u0432 \u0432\u0438\u0440\u0442\u0443\u0430\u043b\u044c\u043d\u044b\u0445 \u0442\u0443\u0440\u0430\u0445 \u0441 \u043f\u043e\u043c\u043e\u0449\u044c\u044e \u043f\u043e\u0441\u043b\u0435\u0434\u043d\u0438\u0445 \u0434\u043e\u0441\u0442\u0438\u0436\u0435\u043d\u0438\u0439 VR \u0442\u0435\u0445\u043d\u043e\u043b\u043e\u0433\u0438\u0439 \u043f\u043e \u043f\u0440\u043e\u0435\u043a\u0442\u0438\u0440\u043e\u0432\u0430\u043d\u043d\u044b\u043c \u0437\u0434\u0430\u043d\u0438\u044f\u043c.<\/p>\n                                <\/div>\n                            <\/div>\n\t\t\t\t\t\t\t\n                            <div class=\"col-base col-service col-sm-6 col-md-4 wow fadeInUp\"\n                                 data-wow-delay=\"0.6s\">\n                                <div class=\"service-item\">\n\t\t\t\t\t\t\t\t\t                                        <img decoding=\"async\" alt=\"\" src=\"https:\/\/anqard.com\/wp-content\/uploads\/2011\/05\/icon-planing.png\">\n\t\t\t\t\t\t\t\t\t\n                                    <h4>\u0421\u0422\u0420\u041e\u0418\u0422\u0415\u041b\u042c\u0421\u0422\u0412\u041e<\/h4>\n                                    <p>\u042d\u0442\u043e \u0431\u0443\u0434\u0435\u0442 \u044d\u0442\u0430\u043f\u043e\u043c, \u043a\u043e\u0433\u0434\u0430 \u0432\u0441\u0435 \u0436\u0435\u043b\u0430\u043d\u0438\u044f, \u043c\u044b\u0441\u043b\u0438, \u0441\u043b\u043e\u0432\u0430 \u0438 \u0434\u0438\u0437\u0430\u0439\u043d-\u0444\u043e\u0442\u043e \u043f\u0440\u0438\u043e\u0431\u0440\u0435\u0442\u0443\u0442 \u0440\u0435\u0430\u043b\u044c\u043d\u044b\u0439 \u0432\u0438\u0434.\n\u041d\u0430 \u044d\u0442\u043e\u043c \u044d\u0442\u0430\u043f\u0435 \u043a\u0430\u0436\u0434\u0430\u044f \u0440\u0430\u0431\u043e\u0442\u0430, \u0432\u044b\u043f\u043e\u043b\u043d\u044f\u0435\u043c\u0430\u044f \u043d\u0430\u0448\u0435\u0439 \u0441\u0435\u0440\u0442\u0438\u0444\u0438\u0446\u0438\u0440\u043e\u0432\u0430\u043d\u043d\u043e\u0439 \u0440\u0430\u0431\u043e\u0447\u0435\u0439 \u0433\u0440\u0443\u043f\u043f\u043e\u0439 \u0438 \u043c\u0435\u043d\u0435\u0434\u0436\u0435\u0440\u0430\u043c\u0438, \u043e\u0441\u0443\u0449\u0435\u0441\u0442\u0432\u043b\u044f\u0435\u0442\u0441\u044f \u043f\u043e\u0434 \u043a\u043e\u043d\u0442\u0440\u043e\u043b\u0435\u043c \u0431\u0435\u0437\u043e\u043f\u0430\u0441\u043d\u043e\u0441\u0442\u0438 \u0438 \u043a\u043e\u043d\u0442\u0440\u043e\u043b\u044f \u043a\u0430\u0447\u0435\u0441\u0442\u0432\u0430.\n\u041d\u0435 \u0438\u043c\u0435\u044e\u0449\u0438\u0439\u0441\u044f \u0441\u0435\u0440\u0442\u0438\u0444\u0438\u043a\u0430\u0442\u043e\u0432 \u0438 \u0431\u0435\u0437 \u0440\u0435\u043a\u043e\u043c\u0435\u043d\u0434\u0430\u0446\u0438\u0439 \u043d\u0430\u0448\u0435\u0439 \u043b\u0430\u0431\u043e\u0440\u0430\u0442\u043e\u0440\u0438\u0438 \u043b\u044e\u0431\u044b\u0435 \u0442\u043e\u0432\u0430\u0440\u044b \u0438 \u043c\u0430\u0442\u0435\u0440\u0438\u0430\u043b\u044b, \u043d\u0435 \u0438\u043c\u0435\u044e\u0442 \u0434\u043e\u043f\u0443\u0441\u043a \u043d\u0430 \u0438\u0441\u043f\u043e\u043b\u044c\u0437\u043e\u0432\u0430\u043d\u0438\u0435 \u0432 \u0441\u0442\u0440\u043e\u0438\u0442\u0435\u043b\u044c\u0441\u0442\u0432\u0435.\n\u041d\u0430\u0448\u0438 \u043f\u0430\u0440\u0442\u043d\u0435\u0440\u0441\u043a\u0438\u0435 \u043a\u043e\u043c\u043f\u0430\u043d\u0438\u0438 \u0438 \u043a\u043b\u0438\u0435\u043d\u0442\u044b \u0443\u0434\u043e\u0432\u043b\u0435\u0442\u0432\u043e\u0440\u0435\u043d\u044b \u0441\u0442\u0440\u043e\u0438\u0442\u0435\u043b\u044c\u043d\u044b\u043c\u0438 \u0440\u0430\u0431\u043e\u0442\u0430\u043c\u0438, \u043a\u043e\u0442\u043e\u0440\u044b\u043c\u0438 \u043c\u044b \u0432\u044b\u043f\u043e\u043b\u043d\u0438\u043b\u0438 \u0434\u043b\u044f \u043d\u0438\u0445, \u0438 \u0438\u043c\u0435\u0435\u043c \u0434\u043e\u043b\u0433\u043e\u0441\u0440\u043e\u0447\u043d\u043e\u0435 \u0441\u043e\u0442\u0440\u0443\u0434\u043d\u0438\u0447\u0435\u0441\u0442\u0432\u043e \u0441 \u043a\u0430\u0436\u0434\u044b\u043c\u0438.<\/p>\n                                <\/div>\n                            <\/div>\n\t\t\t\t\t\t\t\n                <\/div>\n            <\/div>\n        <\/div>\n    <\/section>\n\n\t\n\n    <!-- Contacts -->\n\n    <section             class=\"contacts section \">\n        <div class=\"container\">\n            <header class=\"section-header\">\n                <h2 class=\"section-title\">\u0421\u0412\u042f\u0416\u0418\u0422\u0415\u0421\u042c <span class=\"text-primary\">\u0421 \u041d\u0410\u041c\u0418<\/span><\/h2>\n                <strong class=\"fade-title-right\">\u0441\u043e\u043e\u0431\u0449\u0435\u043d\u0438\u0435<\/strong>\n            <\/header>\n            <div class=\"section-content\">\n                <div class=\"row-base row\">\n                    <div class=\"col-address col-base col-md-4\">\n\t\t\t\t\t\t+994 12 514-33-81<br>+994 50 213-13-73<br>info@anqard.com<br>\u041f\u0440\u043e\u0441. \u0417\u0438\u044f \u0411\u0443\u043d\u044f\u0434\u043e\u0432\u0430 69, \u0411\u0430\u043a\u0443, \u0410\u0437\u0435\u0440\u0431\u0430\u0439\u0434\u0436\u0430\u043d                    <\/div>\n                    <div class=\"col-base  col-md-8\">\n                        <form class=\"js-ajax-form\">\n                            <div class=\"row-field row\">\n                                <div class=\"col-field col-sm-6 col-md-4\">\n                                    <div class=\"form-group\">\n\n\n                                        <input type=\"text\" class=\"form-control\" name=\"name\"\n                                               placeholder=\"\u0418\u043c\u044f *\">\n                                    <\/div>\n                                    <div class=\"form-group\">\n                                        <input type=\"email\" class=\"form-control\" name=\"email\" required\n                                               placeholder=\"Email address *\">\n                                    <\/div>\n\n                                <\/div>\n                                <div class=\"col-field col-sm-6 col-md-4\">\n                                    <div class=\"form-group\">\n                                        <input type=\"tel\" class=\"form-control\" name=\"phone\"\n                                               placeholder=\"\u0422\u0435\u043b\u0435\u0444\u043e\u043d\">\n                                    <\/div>\n                                    <div class=\"form-group\">\n                                        <input  type=\"text\" class=\"form-control\" name=\"company\"\n                                               placeholder=\" \u041a\u043e\u043c\u043f\u0430\u043d\u0438\u044f\">\n                                    <\/div>\n                                <\/div>\n                                <div class=\"col-field col-sm-12 col-md-4\">\n                                    <div class=\"form-group\">\n                                        <textarea name=\"message\" placeholder=\" \u0421\u043e\u043e\u0431\u0449\u0435\u043d\u0438\u0435\"><\/textarea>\n                                    <\/div>\n                                <\/div>\n\n\n                                <div class=\"col-message col-field col-sm-12\">\n                                    <div class=\"form-group\">\n                                        <div class=\"success-message\"><i\n\t\t\t\t\t\t\t\t\t\t\t\t\n\n                                                    class=\"fa fa-check text-primary\"><\/i> Cox sagolun!. Sizin mesaj\u0131n\u0131z m\u00fcv\u0259ff\u0259qiyy\u0259tl\u0259 g\u00f6nd\u0259rildi...<\/div>\n                                        <div class=\"error-message\">Ba\u011f\u0131\u015flay\u0131n, x\u0259ta ba\u015f verdi<\/div>\n                                    <\/div>\n                                <\/div>\n                            <\/div>\n                            <div class=\"form-submit text-right\">\n                                <button type=\"submit\"\n                                        class=\"btn btn-shadow-2 wow swing\">\u041e\u0442\u043f\u0440\u0430\u0432\u0438\u0442\u044c <i class=\"icon-next\"><\/i><\/button>\n                            <\/div>\n                        <\/form>\n                    <\/div>\n                <\/div>\n            <\/div>\n        <\/div>\n    <\/section>\n\n\t[\/vc_column][\/vc_row]<\/p>\n","protected":false},"excerpt":{"rendered":"<p>[\/vc_row]<\/p>\n","protected":false},"author":1,"featured_media":0,"parent":0,"menu_order":0,"comment_status":"closed","ping_status":"closed","template":"template-fullwidth.php","meta":{"footnotes":""},"class_list":["post-1842","page","type-page","status-publish","hentry"],"_links":{"self":[{"href":"https:\/\/anqard.com\/ru\/wp-json\/wp\/v2\/pages\/1842"}],"collection":[{"href":"https:\/\/anqard.com\/ru\/wp-json\/wp\/v2\/pages"}],"about":[{"href":"https:\/\/anqard.com\/ru\/wp-json\/wp\/v2\/types\/page"}],"author":[{"embeddable":true,"href":"https:\/\/anqard.com\/ru\/wp-json\/wp\/v2\/users\/1"}],"replies":[{"embeddable":true,"href":"https:\/\/anqard.com\/ru\/wp-json\/wp\/v2\/comments?post=1842"}],"version-history":[{"count":29,"href":"https:\/\/anqard.com\/ru\/wp-json\/wp\/v2\/pages\/1842\/revisions"}],"predecessor-version":[{"id":2709,"href":"https:\/\/anqard.com\/ru\/wp-json\/wp\/v2\/pages\/1842\/revisions\/2709"}],"wp:attachment":[{"href":"https:\/\/anqard.com\/ru\/wp-json\/wp\/v2\/media?parent=1842"}],"curies":[{"name":"wp","href":"https:\/\/api.w.org\/{rel}","templated":true}]}}