{"id":1916,"date":"2016-11-11T07:44:58","date_gmt":"2016-11-11T07:44:58","guid":{"rendered":"http:\/\/murren.ru\/templates\/WP\/go-arch\/go-arch-dark\/?page_id=1916"},"modified":"2021-02-01T13:16:39","modified_gmt":"2021-02-01T09:16:39","slug":"contacts","status":"publish","type":"page","link":"https:\/\/anqard.com\/ru\/contacts\/","title":{"rendered":"\u041a\u043e\u043d\u0442\u0430\u043a\u0442\u044b"},"content":{"rendered":"<p>[vc_row][vc_column]\n\n    <!-- Contacts -->\n\n\n    <main             class=\" main main-inner main-contacts bg-contacts \"\n            data-stellar-background-ratio=\"0.6\">\n        <div class=\"container\">\n            <header class=\"main-header\">\n                <h1>\u041d\u0410\u0428\u0418 \u041a\u041e\u041d\u0422\u0410\u041a\u0422\u042b<\/h1>\n\t\t\t\t                    <div class=\"project-title-info\">\n\t\t\t\t\t\t\n\n\t\t\t\t\t\t                    <\/div>\n\t\t\t\t            <\/header>\n        <\/div>\n\n        <!-- Lines -->\n\n        <div class=\"page-lines\">\n            <div class=\"container\">\n                <div class=\"col-line col-xs-4\">\n                    <div class=\"line\"><\/div>\n                <\/div>\n                <div class=\"col-line col-xs-4\">\n                    <div class=\"line\"><\/div>\n                <\/div>\n                <div class=\"col-line col-xs-4\">\n                    <div class=\"line\"><\/div>\n                    <div class=\"line\"><\/div>\n                <\/div>\n            <\/div>\n        <\/div>\n    <\/main>\n\t\n\n    <!-- Contacts Details -->\n\n    <section             class=\"contact-details \">\n\t\t            <div class=\"col-map col-md-7\">\n                <div id=\"map\" class=\"gmap map col-md-7\" data-lat=\"40.427856\"\n                     data-lng=\"49.881869\">\n\t\t\t\t\t                        <div class=\"map-title\">\n\n                            <h3>ANQARD<\/h3><\/div>\n\n\n\t\t\t\t\t\t\t\t\t\t\t                        <div class=\"map-address-row\">\n                            <i class=\"fa fa-map-marker\"><\/i>\n                            <span class=\"text\">\u041f\u0440. \u0417\u0438\u044f \u0411\u0443\u043d\u044f\u0434\u043e\u0432\u0430 69,<br>\u0411\u0430\u043a\u0443, \u0410\u0437\u0435\u0440\u0431\u0430\u0439\u0434\u0436\u0430\u043d. AZ1029<\/span>\n\n\n                        <\/div>\n\t\t\t\t\t\t                        <div class=\"map-address-row\">\n                            <i class=\"fa fa-phone\"><\/i>\n                            <span class=\"text\">+994 12 514-33-81<\/span>\n\n\n                        <\/div>\n\t\t\t\t\t\t                        <div class=\"map-address-row\">\n                            <i class=\"fa fa-envelope\"><\/i>\n                            <span class=\"text\">info@anqard.com<\/span>\n\n\n                        <\/div>\n\t\t\t\t\t\t                <\/div>\n            <\/div>\n\n\n\t\t            <script>\n\n\n                \/************\/\n                function initialize() {\n                    mapLocation = new google.maps.LatLng(parseFloat(40.427856), parseFloat(49.881869));\n\n                    var mapOptions = {\n                        zoom: 16, \/\/ Change zoom here\n                        center: mapLocation,\n                        scrollwheel: false,\n                        styles: [\n    {\n        \"featureType\": \"administrative.province\",\n        \"elementType\": \"labels.text\",\n        \"stylers\": [\n            {\n                \"visibility\": \"off\"\n            }\n        ]\n    },\n    {\n        \"featureType\": \"administrative.country\",\n        \"elementType\": \"labels.text\",\n        \"stylers\": [\n            {\n                \"visibility\": \"off\"\n            }\n        ]\n    },\n    {\n        \"featureType\": \"administrative.country\",\n        \"elementType\": \"geometry.stroke\",\n        \"stylers\": [\n            {\n                \"visibility\": \"simplified\"\n            }\n        ]\n    },\n    {\n        \"featureType\": \"water\",\n        \"elementType\": \"geometry.fill\",\n        \"stylers\": [\n            {\n                \"visibility\": \"on\"\n            },\n            {\n                \"color\": \"#b2e4ff\"\n            }\n        ]\n    },\n    {\n        \"featureType\": \"administrative.province\",\n        \"elementType\": \"geometry.stroke\",\n        \"stylers\": [\n            {\n                \"visibility\": \"off\"\n            }\n        ]\n    },\n    {\n        \"featureType\": \"landscape.natural.terrain\",\n        \"elementType\": \"geometry.fill\",\n        \"stylers\": [\n            {\n                \"visibility\": \"simplified\"\n            }\n        ]\n    },\n    {\n        \"featureType\": \"landscape.natural.landcover\",\n        \"elementType\": \"geometry.fill\",\n        \"stylers\": [\n            {\n                \"visibility\": \"simplified\"\n            },\n            {\n                \"color\": \"#7718ad\"\n            }\n        ]\n    },\n    {\n        \"featureType\": \"road.local\",\n        \"elementType\": \"geometry.fill\",\n        \"stylers\": [\n            {\n                \"visibility\": \"off\"\n            }\n        ]\n    },\n    {\n        \"featureType\": \"road.arterial\",\n        \"elementType\": \"geometry.fill\",\n        \"stylers\": [\n            {\n                \"visibility\": \"off\"\n            }\n        ]\n    },\n    {\n        \"featureType\": \"poi.park\",\n        \"elementType\": \"all\",\n        \"stylers\": [\n            {\n                \"visibility\": \"off\"\n            }\n        ]\n    },\n    {\n        \"featureType\": \"administrative.locality\",\n        \"elementType\": \"all\",\n        \"stylers\": [\n            {\n                \"visibility\": \"off\"\n            }\n        ]\n    },\n    {\n        \"featureType\": \"road.highway\",\n        \"elementType\": \"all\",\n        \"stylers\": [\n            {\n                \"visibility\": \"on\"\n            }\n        ]\n    },\n    {\n        \"featureType\": \"road.arterial\",\n        \"elementType\": \"all\",\n        \"stylers\": [\n            {\n                \"visibility\": \"simplified\"\n            },\n            {\n                \"weight\": 4.42\n            }\n        ]\n    }\n]\t\t                    };\n                    var contentString = '<div class=\"map-info\">' + jQuery(\"#map\").html() + '<\/div>';\n\n                    map = new google.maps.Map(document.getElementById('map'),\n                        mapOptions);\n\n\n                    \/\/change address details here\n\n\n                    var infowindow = new google.maps.InfoWindow({\n                        content: contentString\n                    });\n\n\n                    marker = new google.maps.Marker({\n                        map: map,\n                        draggable: true,\n                        title: 'ANQARD', \/\/change title here\n                        animation: google.maps.Animation.DROP,\n                        position: mapLocation\n                    });\n\n                    google.maps.event.addListener(marker, 'click', function () {\n                        infowindow.open(map, marker);\n                    });\n\n\n                }\n\n\n            <\/script>\n\t\t\n\n        <div class=\"contact-info col-md-5 col-md-offset-7\"\n\t >\n\n\n            <div class=\"contact-info-content\">\n\n                <div class=\"contact-info-title\">\u043a\u043e\u043d\u0442\u0430\u043a\u0442\u044b<\/div>\n\t\t\t\t\n                    <div class=\"contact-row\">\n\n\t\t\t\t\t\t                            <i class=\"fa fa fa-phone\"><\/i>\n\t\t\t\t\t\t\n\n                        <div class=\"contact-body\">\n\t\t\t\t\t\t                            <h4>\u0422\u0435\u043b\u0435\u0444\u043e\u043d\u044b<\/h4>\n\t\t\t\t\t\t\t\t\t\t\t\t                                    <div class=\"    phone-row\">+994 12 514-33-81 (\u041e\u0444\u0438\u0441)<\/div>\n\t\t\t\t\t\t\t\t                                    <div class=\"    phone-row\">+994 50 213-13-73 (\u041a\u043e\u0440\u043f\u043e\u0440\u0430\u0442\u0438\u0432\u043d\u044b\u0439 \u0441\u0435\u043a\u0442\u043e\u0440)<\/div>\n\t\t\t\t\t\t\t\t                                    <div class=\"    phone-row\">+994 50 262-30-02 (\u0427\u0430\u0441\u0442\u043d\u044b\u0439 \u0441\u0435\u043a\u0442\u043e\u0440)<\/div>\n\t\t\t\t\t\t\t\t                            <\/div>\n                            <\/div>\n\t\t\t\t\t\t\t\n                    <div class=\"contact-row\">\n\n\t\t\t\t\t\t                            <i class=\"fa fa fa-envelope-o\"><\/i>\n\t\t\t\t\t\t\n\n                        <div class=\"contact-body\">\n\t\t\t\t\t\t                            <h4>Email<\/h4>\n\t\t\t\t\t\t\t\t\t\t\t\t                                    <div class=\"    contact-content\">info@anqard.com<\/div>\n\t\t\t\t\t\t\t\t                            <\/div>\n                            <\/div>\n\t\t\t\t\t\t\t\n                    <div class=\"contact-row\">\n\n\t\t\t\t\t\t                            <i class=\"fa fa fa-map-marker\"><\/i>\n\t\t\t\t\t\t\n\n                        <div class=\"contact-body\">\n\t\t\t\t\t\t                            <h4>\u0410\u0434\u0440\u0435\u0441<\/h4>\n\t\t\t\t\t\t\t\t\t\t\t\t                                    <div class=\"    contact-content\">\u041f\u0440. \u0417\u0438\u044f \u0411\u0443\u043d\u044f\u0434\u043e\u0432\u0430 69,<br>\u0411\u0430\u043a\u0443, \u0410\u0437\u0435\u0440\u0431\u0430\u0439\u0434\u0436\u0430\u043d. AZ1029<\/div>\n\t\t\t\t\t\t\t\t                            <\/div>\n                            <\/div>\n\t\t\t\t\t\t\t\n\n            <\/div>\n        <\/div>\n    <\/section>\n\n\t\n\n    <!-- Contacts -->\n\n    <section             class=\"contacts section \">\n        <div class=\"container\">\n            <header class=\"section-header\">\n                <h2 class=\"section-title\">\u0421\u0432\u044f\u0436\u0438\u0442\u0435\u0441\u044c <span class=\"text-primary\">\u0441 \u043d\u0430\u043c\u0438<\/span><\/h2>\n                <strong class=\"fade-title-right\">\u0441\u043e\u043e\u0431\u0449\u0435\u043d\u0438\u0435<\/strong>\n            <\/header>\n            <div class=\"section-content\">\n                <div class=\"row-base row\">\n                    <div class=\"col-address col-base col-md-4\">\n\t\t\t\t\t\t+994 12 514-33-81<br>+994 50 213-13-73<br>info@anqard.com<br>\u041f\u0440. \u0417\u0438\u044f \u0411\u0443\u043d\u044f\u0434\u043e\u0432\u0430 69R,<br>\n\u0411\u0430\u043a\u0443, \u0410\u0437\u0435\u0440\u0431\u0430\u0439\u0434\u0436\u0430\u043d                    <\/div>\n                    <div class=\"col-base  col-md-8\">\n                        <form class=\"js-ajax-form\">\n                            <div class=\"row-field row\">\n                                <div class=\"col-field col-sm-6 col-md-4\">\n                                    <div class=\"form-group\">\n\n\n                                        <input type=\"text\" class=\"form-control\" name=\"name\"\n                                               placeholder=\"\u0418\u043c\u044f *\">\n                                    <\/div>\n                                    <div class=\"form-group\">\n                                        <input type=\"email\" class=\"form-control\" name=\"email\" required\n                                               placeholder=\"Email address *\">\n                                    <\/div>\n\n                                <\/div>\n                                <div class=\"col-field col-sm-6 col-md-4\">\n                                    <div class=\"form-group\">\n                                        <input type=\"tel\" class=\"form-control\" name=\"phone\"\n                                               placeholder=\"\u0422\u0435\u043b\u0435\u0444\u043e\u043d\">\n                                    <\/div>\n                                    <div class=\"form-group\">\n                                        <input  type=\"text\" class=\"form-control\" name=\"company\"\n                                               placeholder=\" \u041a\u043e\u043c\u043f\u0430\u043d\u0438\u044f\">\n                                    <\/div>\n                                <\/div>\n                                <div class=\"col-field col-sm-12 col-md-4\">\n                                    <div class=\"form-group\">\n                                        <textarea name=\"message\" placeholder=\" \u0421\u043e\u043e\u0431\u0449\u0435\u043d\u0438\u0435\"><\/textarea>\n                                    <\/div>\n                                <\/div>\n\n\n                                <div class=\"col-message col-field col-sm-12\">\n                                    <div class=\"form-group\">\n                                        <div class=\"success-message\"><i\n\t\t\t\t\t\t\t\t\t\t\t\t\n\n                                                    class=\"fa fa-check text-primary\"><\/i> Cox sagolun!. Sizin mesaj\u0131n\u0131z m\u00fcv\u0259ff\u0259qiyy\u0259tl\u0259 g\u00f6nd\u0259rildi...<\/div>\n                                        <div class=\"error-message\">Ba\u011f\u0131\u015flay\u0131n, x\u0259ta ba\u015f verdi<\/div>\n                                    <\/div>\n                                <\/div>\n                            <\/div>\n                            <div class=\"form-submit text-right\">\n                                <button type=\"submit\"\n                                        class=\"btn btn-shadow-2 wow swing\">\u041e\u0442\u043f\u0440\u0430\u0432\u0438\u0442\u044c <i class=\"icon-next\"><\/i><\/button>\n                            <\/div>\n                        <\/form>\n                    <\/div>\n                <\/div>\n            <\/div>\n        <\/div>\n    <\/section>\n\n\t[\/vc_column][\/vc_row]<\/p>\n","protected":false},"excerpt":{"rendered":"<p>[\/vc_row]<\/p>\n","protected":false},"author":1,"featured_media":0,"parent":0,"menu_order":0,"comment_status":"closed","ping_status":"closed","template":"template-fullwidth.php","meta":{"footnotes":""},"class_list":["post-1916","page","type-page","status-publish","hentry"],"_links":{"self":[{"href":"https:\/\/anqard.com\/ru\/wp-json\/wp\/v2\/pages\/1916"}],"collection":[{"href":"https:\/\/anqard.com\/ru\/wp-json\/wp\/v2\/pages"}],"about":[{"href":"https:\/\/anqard.com\/ru\/wp-json\/wp\/v2\/types\/page"}],"author":[{"embeddable":true,"href":"https:\/\/anqard.com\/ru\/wp-json\/wp\/v2\/users\/1"}],"replies":[{"embeddable":true,"href":"https:\/\/anqard.com\/ru\/wp-json\/wp\/v2\/comments?post=1916"}],"version-history":[{"count":21,"href":"https:\/\/anqard.com\/ru\/wp-json\/wp\/v2\/pages\/1916\/revisions"}],"predecessor-version":[{"id":2690,"href":"https:\/\/anqard.com\/ru\/wp-json\/wp\/v2\/pages\/1916\/revisions\/2690"}],"wp:attachment":[{"href":"https:\/\/anqard.com\/ru\/wp-json\/wp\/v2\/media?parent=1916"}],"curies":[{"name":"wp","href":"https:\/\/api.w.org\/{rel}","templated":true}]}}